{"id":260,"date":"2015-11-03T12:17:12","date_gmt":"2015-11-03T10:17:12","guid":{"rendered":"https:\/\/atbc.fr\/wp\/?page_id=260"},"modified":"2016-05-12T14:32:58","modified_gmt":"2016-05-12T12:32:58","slug":"restauration","status":"publish","type":"page","link":"https:\/\/atbc.fr\/wp\/notre-metier\/restauration\/","title":{"rendered":"RESTAURATION"},"content":{"rendered":"<h2>RESTAURATION<\/h2>\n<div class=\"ff fruitful_sep ff-root\" style=\"height: 10px;background-color: #e0e0e0;\"><\/div>\n<div class='content-column one_half'><div style=\"padding-right:10px;padding-left:10px;\"><div id=\"metaslider-id-606\" style=\"width: 100%;\" class=\"ml-slider-3-23-0 metaslider metaslider-flex metaslider-606 ml-slider nav-hidden\">\n    <div id=\"metaslider_container_606\">\n        <div id=\"metaslider_606\">\n            <ul aria-live=\"polite\" class=\"slides\">\n                <li style=\"display: block; width: 100%;\" class=\"slide-607 ms-image\"><img src=\"https:\/\/atbc.fr\/wp\/wp-content\/uploads\/2016\/05\/Restauration-1-450x350.jpg\" height=\"350\" width=\"450\" alt=\"Restauration Ch\u00e2taignier\" class=\"slider-606 slide-607\" \/><\/li>\n                <li style=\"display: none; width: 100%;\" class=\"slide-608 ms-image\"><img src=\"https:\/\/atbc.fr\/wp\/wp-content\/uploads\/2016\/05\/Restauration-3-450x350.jpg\" height=\"350\" width=\"450\" alt=\"\" class=\"slider-606 slide-608\" \/><\/li>\n                <li style=\"display: none; width: 100%;\" class=\"slide-609 ms-image\"><img src=\"https:\/\/atbc.fr\/wp\/wp-content\/uploads\/2016\/05\/Restauration-4-450x350.jpg\" height=\"350\" width=\"450\" alt=\"Restauration Ch\u00e2taignier\" class=\"slider-606 slide-609\" \/><\/li>\n                <li style=\"display: none; width: 100%;\" class=\"slide-610 ms-image\"><img src=\"https:\/\/atbc.fr\/wp\/wp-content\/uploads\/2016\/05\/Restauration-5-450x350.jpg\" height=\"350\" width=\"450\" alt=\"Restauration Ch\u00e2taignier\" class=\"slider-606 slide-610\" \/><\/li>\n                <li style=\"display: none; width: 100%;\" class=\"slide-611 ms-image\"><img src=\"https:\/\/atbc.fr\/wp\/wp-content\/uploads\/2016\/05\/Restauration-6-450x350.jpg\" height=\"350\" width=\"450\" alt=\"Restauration Ch\u00e2taignier\" class=\"slider-606 slide-611\" \/><\/li>\n                <li style=\"display: none; width: 100%;\" class=\"slide-612 ms-image\"><img src=\"https:\/\/atbc.fr\/wp\/wp-content\/uploads\/2016\/05\/Restauration-7-450x350.jpg\" height=\"350\" width=\"450\" alt=\"Restauration Ch\u00e2taignier\" class=\"slider-606 slide-612\" \/><\/li>\n                <li style=\"display: none; width: 100%;\" class=\"slide-613 ms-image\"><img src=\"https:\/\/atbc.fr\/wp\/wp-content\/uploads\/2016\/05\/Restauration-8-450x350.jpg\" height=\"350\" width=\"450\" alt=\"Restauration Ch\u00e2taignier\" class=\"slider-606 slide-613\" \/><\/li>\n                <li style=\"display: none; width: 100%;\" class=\"slide-614 ms-image\"><img src=\"https:\/\/atbc.fr\/wp\/wp-content\/uploads\/2016\/05\/Restauration-9-450x350.jpg\" height=\"350\" width=\"450\" alt=\"Restauration Ch\u00e2taignier\" class=\"slider-606 slide-614\" \/><\/li>\n                <li style=\"display: none; width: 100%;\" class=\"slide-615 ms-image\"><img src=\"https:\/\/atbc.fr\/wp\/wp-content\/uploads\/2016\/05\/Restauration-10-450x350.jpg\" height=\"350\" width=\"450\" alt=\"Restauration Ch\u00e2taignier\" class=\"slider-606 slide-615\" \/><\/li>\n                <li style=\"display: none; width: 100%;\" class=\"slide-616 ms-image\"><img src=\"https:\/\/atbc.fr\/wp\/wp-content\/uploads\/2016\/05\/Restauration-11-450x350.jpg\" height=\"350\" width=\"450\" alt=\"Restauration Ch\u00e2taignier\" class=\"slider-606 slide-616\" \/><\/li>\n                <li style=\"display: none; width: 100%;\" class=\"slide-617 ms-image\"><img src=\"https:\/\/atbc.fr\/wp\/wp-content\/uploads\/2016\/05\/Restauration-12-450x350.jpg\" height=\"350\" width=\"450\" alt=\"Restauration Ch\u00e2taignier\" class=\"slider-606 slide-617\" \/><\/li>\n                <li style=\"display: none; width: 100%;\" class=\"slide-618 ms-image\"><img src=\"https:\/\/atbc.fr\/wp\/wp-content\/uploads\/2016\/05\/Restauration-13-450x350.jpg\" height=\"350\" width=\"450\" alt=\"Restauration Ch\u00e2taignier\" class=\"slider-606 slide-618\" \/><\/li>\n                <li style=\"display: none; width: 100%;\" class=\"slide-619 ms-image\"><img src=\"https:\/\/atbc.fr\/wp\/wp-content\/uploads\/2016\/05\/Restauration-14-450x350.jpg\" height=\"350\" width=\"450\" alt=\"Restauration Ch\u00e2taignier\" class=\"slider-606 slide-619\" \/><\/li>\n                <li style=\"display: none; width: 100%;\" class=\"slide-620 ms-image\"><img src=\"https:\/\/atbc.fr\/wp\/wp-content\/uploads\/2016\/05\/Restauration-15-450x350.jpg\" height=\"350\" width=\"450\" alt=\"\" class=\"slider-606 slide-620\" \/><\/li>\n                <li style=\"display: none; width: 100%;\" class=\"slide-621 ms-image\"><img src=\"https:\/\/atbc.fr\/wp\/wp-content\/uploads\/2016\/05\/Restauration-16-450x350.jpg\" height=\"350\" width=\"450\" alt=\"\" class=\"slider-606 slide-621\" \/><\/li>\n                <li style=\"display: none; width: 100%;\" class=\"slide-622 ms-image\"><img src=\"https:\/\/atbc.fr\/wp\/wp-content\/uploads\/2016\/05\/Restauration-17-450x350.jpg\" height=\"350\" width=\"450\" alt=\"Restauration Ch\u00e2taignier\" class=\"slider-606 slide-622\" \/><\/li>\n                <li style=\"display: none; width: 100%;\" class=\"slide-623 ms-image\"><img src=\"https:\/\/atbc.fr\/wp\/wp-content\/uploads\/2016\/05\/Restauration-18-450x350.jpg\" height=\"350\" width=\"450\" alt=\"Restauration Ch\u00e2taignier\" class=\"slider-606 slide-623\" \/><\/li>\n                <li style=\"display: none; width: 100%;\" class=\"slide-624 ms-image\"><img src=\"https:\/\/atbc.fr\/wp\/wp-content\/uploads\/2016\/05\/Restauration-19-450x350.jpg\" height=\"350\" width=\"450\" alt=\"Restauration Ch\u00e2taignier\" class=\"slider-606 slide-624\" \/><\/li>\n                <li style=\"display: none; width: 100%;\" class=\"slide-625 ms-image\"><img src=\"https:\/\/atbc.fr\/wp\/wp-content\/uploads\/2016\/05\/Restauration-20-450x350.jpg\" height=\"350\" width=\"450\" alt=\"Restauration Ch\u00e2taignier\" class=\"slider-606 slide-625\" \/><\/li>\n                <li style=\"display: none; width: 100%;\" class=\"slide-626 ms-image\"><img src=\"https:\/\/atbc.fr\/wp\/wp-content\/uploads\/2016\/05\/Restauration-21-450x350.jpg\" height=\"350\" width=\"450\" alt=\"Restauration Ch\u00e2taignier\" class=\"slider-606 slide-626\" \/><\/li>\n                <li style=\"display: none; width: 100%;\" class=\"slide-627 ms-image\"><img src=\"https:\/\/atbc.fr\/wp\/wp-content\/uploads\/2016\/05\/Restauration-22-450x350.jpg\" height=\"350\" width=\"450\" alt=\"Restauration Ch\u00e2taignier\" class=\"slider-606 slide-627\" \/><\/li>\n            <\/ul>\n        <\/div>\n        \n    <\/div>\n<\/div><\/div><\/div><div class='content-column one_half last_column'><div style=\"padding-right:10px;padding-left:10px;\"><p>La restauration dans notre r\u00e9gion se fait g\u00e9n\u00e9ralement en ch\u00e2taignier en reprenant les geste d\u2019antan afin d\u2019obtenir un travail tr\u00e8s proche de l\u2019existant.<\/p>\n<p>Il sera adapt\u00e9 \u00e0 le r\u00e9novation de mas c\u00e9venols ainsi que pour la r\u00e9habilitation de monuments historique.<\/p>\n<p>La finition sera tr\u00e8s souvent r\u00e9alis\u00e9e au rabot \u00e0 main droit ou profil\u00e9 pour les moulures et tous les assemblages seront chevill\u00e9s \u00e0 la tire \u00e0 la lancette.<\/p><\/div><\/div><div class='clear_column'><\/div><\/p>\n","protected":false},"excerpt":{"rendered":"<p>RESTAURATION<\/p>\n","protected":false},"author":1,"featured_media":0,"parent":21,"menu_order":0,"comment_status":"closed","ping_status":"closed","template":"","meta":[],"yoast_head":"<!-- This site is optimized with the Yoast SEO plugin v17.0 - https:\/\/yoast.com\/wordpress\/plugins\/seo\/ -->\n<meta name=\"robots\" content=\"index, follow, max-snippet:-1, max-image-preview:large, max-video-preview:-1\" \/>\n<link rel=\"canonical\" href=\"https:\/\/atbc.fr\/wp\/notre-metier\/restauration\/\" \/>\n<meta property=\"og:locale\" content=\"fr_FR\" \/>\n<meta property=\"og:type\" content=\"article\" \/>\n<meta property=\"og:title\" content=\"RESTAURATION - A Tout Bois de Coeur\" \/>\n<meta property=\"og:description\" content=\"RESTAURATION\" \/>\n<meta property=\"og:url\" content=\"https:\/\/atbc.fr\/wp\/notre-metier\/restauration\/\" \/>\n<meta property=\"og:site_name\" content=\"A Tout Bois de Coeur\" \/>\n<meta property=\"article:modified_time\" content=\"2016-05-12T12:32:58+00:00\" \/>\n<meta name=\"twitter:card\" content=\"summary\" \/>\n<meta name=\"twitter:label1\" content=\"Dur\u00e9e de lecture est.\" \/>\n\t<meta name=\"twitter:data1\" content=\"1 minute\" \/>\n<script type=\"application\/ld+json\" class=\"yoast-schema-graph\">{\"@context\":\"https:\/\/schema.org\",\"@graph\":[{\"@type\":\"Organization\",\"@id\":\"https:\/\/atbc.fr\/wp\/#organization\",\"name\":\"A Tout Bois de Coeur\",\"url\":\"https:\/\/atbc.fr\/wp\/\",\"sameAs\":[],\"logo\":{\"@type\":\"ImageObject\",\"@id\":\"https:\/\/atbc.fr\/wp\/#logo\",\"inLanguage\":\"fr-FR\",\"url\":\"https:\/\/atbc.fr\/wp\/wp-content\/uploads\/2015\/10\/atbc-logo_inv.jpg\",\"contentUrl\":\"https:\/\/atbc.fr\/wp\/wp-content\/uploads\/2015\/10\/atbc-logo_inv.jpg\",\"width\":787,\"height\":208,\"caption\":\"A Tout Bois de Coeur\"},\"image\":{\"@id\":\"https:\/\/atbc.fr\/wp\/#logo\"}},{\"@type\":\"WebSite\",\"@id\":\"https:\/\/atbc.fr\/wp\/#website\",\"url\":\"https:\/\/atbc.fr\/wp\/\",\"name\":\"A Tout Bois de Coeur\",\"description\":\"Habitat basse consommation d&#039;\\u00e9nergie - Maison Ossature bois - Isolation \\u00e9cologique - Charpente - Dans le Gard, la Loz\\u00e8re et l&#039;Ard\\u00e8che\",\"publisher\":{\"@id\":\"https:\/\/atbc.fr\/wp\/#organization\"},\"potentialAction\":[{\"@type\":\"SearchAction\",\"target\":{\"@type\":\"EntryPoint\",\"urlTemplate\":\"https:\/\/atbc.fr\/wp\/?s={search_term_string}\"},\"query-input\":\"required name=search_term_string\"}],\"inLanguage\":\"fr-FR\"},{\"@type\":\"WebPage\",\"@id\":\"https:\/\/atbc.fr\/wp\/notre-metier\/restauration\/#webpage\",\"url\":\"https:\/\/atbc.fr\/wp\/notre-metier\/restauration\/\",\"name\":\"RESTAURATION - A Tout Bois de Coeur\",\"isPartOf\":{\"@id\":\"https:\/\/atbc.fr\/wp\/#website\"},\"datePublished\":\"2015-11-03T10:17:12+00:00\",\"dateModified\":\"2016-05-12T12:32:58+00:00\",\"breadcrumb\":{\"@id\":\"https:\/\/atbc.fr\/wp\/notre-metier\/restauration\/#breadcrumb\"},\"inLanguage\":\"fr-FR\",\"potentialAction\":[{\"@type\":\"ReadAction\",\"target\":[\"https:\/\/atbc.fr\/wp\/notre-metier\/restauration\/\"]}]},{\"@type\":\"BreadcrumbList\",\"@id\":\"https:\/\/atbc.fr\/wp\/notre-metier\/restauration\/#breadcrumb\",\"itemListElement\":[{\"@type\":\"ListItem\",\"position\":1,\"name\":\"Accueil\",\"item\":\"https:\/\/atbc.fr\/wp\/\"},{\"@type\":\"ListItem\",\"position\":2,\"name\":\"NOTRE M\\u00c9TIER\",\"item\":\"https:\/\/atbc.fr\/wp\/notre-metier\/\"},{\"@type\":\"ListItem\",\"position\":3,\"name\":\"RESTAURATION\"}]}]}<\/script>\n<!-- \/ Yoast SEO plugin. -->","yoast_head_json":{"robots":{"index":"index","follow":"follow","max-snippet":"max-snippet:-1","max-image-preview":"max-image-preview:large","max-video-preview":"max-video-preview:-1"},"canonical":"https:\/\/atbc.fr\/wp\/notre-metier\/restauration\/","og_locale":"fr_FR","og_type":"article","og_title":"RESTAURATION - A Tout Bois de Coeur","og_description":"RESTAURATION","og_url":"https:\/\/atbc.fr\/wp\/notre-metier\/restauration\/","og_site_name":"A Tout Bois de Coeur","article_modified_time":"2016-05-12T12:32:58+00:00","twitter_card":"summary","twitter_misc":{"Dur\u00e9e de lecture est.":"1 minute"},"schema":{"@context":"https:\/\/schema.org","@graph":[{"@type":"Organization","@id":"https:\/\/atbc.fr\/wp\/#organization","name":"A Tout Bois de Coeur","url":"https:\/\/atbc.fr\/wp\/","sameAs":[],"logo":{"@type":"ImageObject","@id":"https:\/\/atbc.fr\/wp\/#logo","inLanguage":"fr-FR","url":"https:\/\/atbc.fr\/wp\/wp-content\/uploads\/2015\/10\/atbc-logo_inv.jpg","contentUrl":"https:\/\/atbc.fr\/wp\/wp-content\/uploads\/2015\/10\/atbc-logo_inv.jpg","width":787,"height":208,"caption":"A Tout Bois de Coeur"},"image":{"@id":"https:\/\/atbc.fr\/wp\/#logo"}},{"@type":"WebSite","@id":"https:\/\/atbc.fr\/wp\/#website","url":"https:\/\/atbc.fr\/wp\/","name":"A Tout Bois de Coeur","description":"Habitat basse consommation d&#039;\u00e9nergie - Maison Ossature bois - Isolation \u00e9cologique - Charpente - Dans le Gard, la Loz\u00e8re et l&#039;Ard\u00e8che","publisher":{"@id":"https:\/\/atbc.fr\/wp\/#organization"},"potentialAction":[{"@type":"SearchAction","target":{"@type":"EntryPoint","urlTemplate":"https:\/\/atbc.fr\/wp\/?s={search_term_string}"},"query-input":"required name=search_term_string"}],"inLanguage":"fr-FR"},{"@type":"WebPage","@id":"https:\/\/atbc.fr\/wp\/notre-metier\/restauration\/#webpage","url":"https:\/\/atbc.fr\/wp\/notre-metier\/restauration\/","name":"RESTAURATION - A Tout Bois de Coeur","isPartOf":{"@id":"https:\/\/atbc.fr\/wp\/#website"},"datePublished":"2015-11-03T10:17:12+00:00","dateModified":"2016-05-12T12:32:58+00:00","breadcrumb":{"@id":"https:\/\/atbc.fr\/wp\/notre-metier\/restauration\/#breadcrumb"},"inLanguage":"fr-FR","potentialAction":[{"@type":"ReadAction","target":["https:\/\/atbc.fr\/wp\/notre-metier\/restauration\/"]}]},{"@type":"BreadcrumbList","@id":"https:\/\/atbc.fr\/wp\/notre-metier\/restauration\/#breadcrumb","itemListElement":[{"@type":"ListItem","position":1,"name":"Accueil","item":"https:\/\/atbc.fr\/wp\/"},{"@type":"ListItem","position":2,"name":"NOTRE M\u00c9TIER","item":"https:\/\/atbc.fr\/wp\/notre-metier\/"},{"@type":"ListItem","position":3,"name":"RESTAURATION"}]}]}},"_links":{"self":[{"href":"https:\/\/atbc.fr\/wp\/wp-json\/wp\/v2\/pages\/260"}],"collection":[{"href":"https:\/\/atbc.fr\/wp\/wp-json\/wp\/v2\/pages"}],"about":[{"href":"https:\/\/atbc.fr\/wp\/wp-json\/wp\/v2\/types\/page"}],"author":[{"embeddable":true,"href":"https:\/\/atbc.fr\/wp\/wp-json\/wp\/v2\/users\/1"}],"replies":[{"embeddable":true,"href":"https:\/\/atbc.fr\/wp\/wp-json\/wp\/v2\/comments?post=260"}],"version-history":[{"count":4,"href":"https:\/\/atbc.fr\/wp\/wp-json\/wp\/v2\/pages\/260\/revisions"}],"predecessor-version":[{"id":628,"href":"https:\/\/atbc.fr\/wp\/wp-json\/wp\/v2\/pages\/260\/revisions\/628"}],"up":[{"embeddable":true,"href":"https:\/\/atbc.fr\/wp\/wp-json\/wp\/v2\/pages\/21"}],"wp:attachment":[{"href":"https:\/\/atbc.fr\/wp\/wp-json\/wp\/v2\/media?parent=260"}],"curies":[{"name":"wp","href":"https:\/\/api.w.org\/{rel}","templated":true}]}}